{"id":96,"date":"2012-12-14T22:23:47","date_gmt":"2012-12-14T21:23:47","guid":{"rendered":"http:\/\/cor.from-co.net\/wordpress\/?page_id=96"},"modified":"2020-01-22T17:02:03","modified_gmt":"2020-01-22T16:02:03","slug":"hasznos-linkek","status":"publish","type":"page","link":"https:\/\/codealfa.hu\/c-conto\/hasznos-linkek\/","title":{"rendered":"Hasznos linkek"},"content":{"rendered":"<p><span style=\"color: #ff0000;\"><strong><a style=\"color: #ff0000;\" href=\"https:\/\/impcremote.com\/downloads\/impcremoteinstant_user.exe\">Egyszeri t\u00e1voli adminisztr\u00e1ci\u00f3 k\u00e9r\u00e9se<\/a><\/strong><\/span><\/p>\n<p><a href=\"http:\/\/codealfa.hu\/shop\/admin.php\" target=\"_blank\" rel=\"noopener\">WebShop ADMIN<\/a>,\u00a0<a title=\"Okat\u00e1shoz\" href=\"http:\/\/codealfa.hu\/teszt\/eredmeny.php\">Oktat\u00e1si teszt eredm\u00e9nye<\/a><\/p>\n","protected":false},"excerpt":{"rendered":"<p>Egyszeri t\u00e1voli adminisztr\u00e1ci\u00f3 k\u00e9r\u00e9se WebShop ADMIN,\u00a0Oktat\u00e1si teszt eredm\u00e9nye<\/p>\n","protected":false},"author":1,"featured_media":0,"parent":0,"menu_order":0,"comment_status":"closed","ping_status":"closed","template":"","meta":{"footnotes":""},"class_list":["post-96","page","type-page","status-publish","hentry"],"_links":{"self":[{"href":"https:\/\/codealfa.hu\/c-conto\/wp-json\/wp\/v2\/pages\/96","targetHints":{"allow":["GET"]}}],"collection":[{"href":"https:\/\/codealfa.hu\/c-conto\/wp-json\/wp\/v2\/pages"}],"about":[{"href":"https:\/\/codealfa.hu\/c-conto\/wp-json\/wp\/v2\/types\/page"}],"author":[{"embeddable":true,"href":"https:\/\/codealfa.hu\/c-conto\/wp-json\/wp\/v2\/users\/1"}],"replies":[{"embeddable":true,"href":"https:\/\/codealfa.hu\/c-conto\/wp-json\/wp\/v2\/comments?post=96"}],"version-history":[{"count":45,"href":"https:\/\/codealfa.hu\/c-conto\/wp-json\/wp\/v2\/pages\/96\/revisions"}],"predecessor-version":[{"id":450,"href":"https:\/\/codealfa.hu\/c-conto\/wp-json\/wp\/v2\/pages\/96\/revisions\/450"}],"wp:attachment":[{"href":"https:\/\/codealfa.hu\/c-conto\/wp-json\/wp\/v2\/media?parent=96"}],"curies":[{"name":"wp","href":"https:\/\/api.w.org\/{rel}","templated":true}]}}